{"id":700,"date":"2024-09-25T13:02:03","date_gmt":"2024-09-25T04:02:03","guid":{"rendered":"https:\/\/www.kubocom.co.jp\/?page_id=700"},"modified":"2024-09-25T13:02:04","modified_gmt":"2024-09-25T04:02:04","slug":"%e3%81%a9%e3%81%86%e3%81%97%e3%81%a6%e5%bb%ba%e8%a8%ad%e7%94%a3%e6%a5%ad%e3%82%92%e9%81%b8%e3%81%b6%e3%81%ae%e3%81%8b%ef%bc%9f","status":"publish","type":"page","link":"https:\/\/www.kubocom.co.jp\/?page_id=700","title":{"rendered":"\u3069\u3046\u3057\u3066\u5efa\u8a2d\u7523\u696d\u3092\u9078\u3076\u306e\u304b\uff1f"},"content":{"rendered":"\n<h3 class=\"wp-block-heading\">\u4ee4\u548c\u306e\u6642\u4ee3\u3001\u5efa\u8a2d\u7523\u696d\u304c\u76ee\u6307\u3059\uff13K\u3068\u306f<\/h3>\n\n\n\n<p>\u3053\u308c\u307e\u3067\u5efa\u8a2d\u7523\u696d\u306f\u3001\u300c\u304d\u3064\u3044\uff08<span class=\"marker\">K<\/span>itsui\uff09\u300d\u300c\u6c5a\u3044\uff08<span class=\"marker\">Ki<\/span>tanai\uff09\u300d\u300c\u5371\u967a\uff08<span class=\"marker\">K<\/span>iken\uff09\u300d\u3068\u3001\u4e09\u3064\u306e\u8981\u7d20\u304cK\u306e\u6587\u5b57\u304b\u3089\u59cb\u307e\u308b\u3053\u3068\u304b\u3089\u300c<span class=\"marker\">\uff13K<\/span>\uff08Sankei\uff09\u300d\u3068\u547c\u3070\u308c\u3001\u5efa\u8a2d\u696d\u754c\u306e\u52b4\u50cd\u74b0\u5883\u304c\u53b3\u3057\u3044\u3053\u3068\u3092\u8868\u73fe\u3059\u308b\u305f\u3081\u306b\u4f7f\u308f\u308c\u3066\u304d\u307e\u3057\u305f\u3002<\/p>\n\n\n\n<p>\u3057\u304b\u3057\u3001\u6700\u8fd1\u3067\u306f\u3053\u306e\u30a4\u30e1\u30fc\u30b8\u3092\u6539\u5584\u3059\u308b\u305f\u3081\u306b\u300c<span class=\"marker2\">\u65b03K<\/span>\u300d\u304c\u63d0\u5531\u3055\u308c\u3066\u3044\u307e\u3059\u3002\u65b03K\u306f<span class=\"marker2\">\u300c\u7d66\u4e0e\uff08Ky\u016byo\uff09\u300d\u300c\u5e0c\u671b\uff08Kib\u014d\uff09\u300d\u300c\u4f11\u6687\uff08Ky\u016bka\uff09\u300d<\/span>\u306e3\u3064\u3092\u610f\u5473\u3057\u3001\u5efa\u8a2d\u696d\u754c\u3092\u3088\u308a\u9b45\u529b\u7684\u306a\u8077\u5834\u306b\u3059\u308b\u3053\u3068\u3092\u76ee\u6307\u3057\u3066\u3044\u307e\u3059\u3002\u3082\u3061\u308d\u3093\u4e45\u4fdd\u8208\u696d\u3067\u3082\u76ee\u6307\u3057\u3066\u3044\u307e\u3059\uff01<\/p>\n\n\n\n<h3 class=\"wp-block-heading\">\u5efa\u8a2d\u7523\u696d\u3092\u9078\u3076\u7406\u7531<\/h3>\n\n\n\n<p>\u65b0\u5352\u8005\u3060\u3051\u3067\u306a\u304f\u3001\u7d4c\u9a13\u3092\u30ad\u30e3\u30ea\u30a2\u5f62\u6210\u3001\u65b0\u305f\u306b\u6311\u6226\u3059\u308b\u6a5f\u4f1a\u3068\u3057\u3066\u5efa\u8a2d\u7523\u696d\u306b\u9b45\u529b\u3092\u611f\u3058\u3001\u30b9\u30bf\u30fc\u30c8\u3092\u5207\u308b\u3053\u3068\u3092\u9078\u3093\u3067\u3044\u308b\u65b9\u304c\u591a\u3044\u3067\u3059\u3002\u3053\u3053\u3067\u306f\u305d\u306e\u7406\u7531\u3092\u3054\u7d39\u4ecb\u3057\u307e\u3059\u3002<\/p>\n\n\n\n<ol class=\"wp-block-list\">\n<li><strong>\u5b89\u5b9a\u3057\u305f\u96c7\u7528<\/strong>\uff1a\u5efa\u8a2d\u696d\u306f\u5e38\u306b\u9700\u8981\u304c\u3042\u308a\u3001\u7279\u306b\u30a4\u30f3\u30d5\u30e9\u6574\u5099\u3084\u90fd\u5e02\u958b\u767a\u304c\u9032\u3080\u5730\u57df\u3067\u306f\u5b89\u5b9a\u3057\u305f\u96c7\u7528\u304c\u671f\u5f85\u3067\u304d\u307e\u3059\u3002<\/li>\n\n\n\n<li><strong>\u30ad\u30e3\u30ea\u30a2\u306e\u6210\u9577\u6a5f\u4f1a<\/strong>\uff1a\u5efa\u8a2d\u696d\u3067\u306f\u3001\u73fe\u5834\u3067\u306e\u7d4c\u9a13\u3092\u7a4d\u3080\u3053\u3068\u3067\u30b9\u30ad\u30eb\u3092\u78e8\u304d\u3001\u30ad\u30e3\u30ea\u30a2\u30a2\u30c3\u30d7\u306e\u30c1\u30e3\u30f3\u30b9\u304c\u591a\u3044\u3067\u3059\u3002\u8cc7\u683c\u53d6\u5f97\u3084\u5c02\u9580\u77e5\u8b58\u306e\u7fd2\u5f97\u3082\u5968\u52b1\u3055\u308c\u307e\u3059\u3002<\/li>\n\n\n\n<li><strong>\u793e\u4f1a\u8ca2\u732e<\/strong>\uff1a\u5efa\u8a2d\u696d\u306f\u793e\u4f1a\u306e\u57fa\u76e4\u3092\u652f\u3048\u308b\u91cd\u8981\u306a\u5f79\u5272\u3092\u679c\u305f\u3057\u3066\u304a\u308a\u3001\u81ea\u5206\u306e\u4ed5\u4e8b\u304c\u5730\u57df\u3084\u793e\u4f1a\u306b\u8ca2\u732e\u3057\u3066\u3044\u308b\u3068\u611f\u3058\u3089\u308c\u308b\u70b9\u304c\u9b45\u529b\u3067\u3059\u3002<\/li>\n\n\n\n<li><strong>\u591a\u69d8\u306a\u8077\u7a2e<\/strong>\uff1a\u5efa\u8a2d\u696d\u306b\u306f\u3001\u8a2d\u8a08\u3001\u65bd\u5de5\u7ba1\u7406\u3001\u73fe\u5834\u4f5c\u696d\u3001\u55b6\u696d\u306a\u3069\u591a\u5c90\u306b\u308f\u305f\u308b\u8077\u7a2e\u304c\u3042\u308a\u3001\u81ea\u5206\u306e\u8208\u5473\u3084\u9069\u6027\u306b\u5408\u3063\u305f\u4ed5\u4e8b\u3092\u898b\u3064\u3051\u3084\u3059\u3044\u3067\u3059\u3002<\/li>\n\n\n\n<li><strong>\u30c1\u30fc\u30e0\u30ef\u30fc\u30af<\/strong>\uff1a\u5efa\u8a2d\u30d7\u30ed\u30b8\u30a7\u30af\u30c8\u306f\u591a\u304f\u306e\u4eba\u3005\u304c\u5354\u529b\u3057\u3066\u9032\u3081\u308b\u305f\u3081\u3001\u30c1\u30fc\u30e0\u30ef\u30fc\u30af\u3084\u30b3\u30df\u30e5\u30cb\u30b1\u30fc\u30b7\u30e7\u30f3\u80fd\u529b\u304c\u91cd\u8981\u3067\u3059\u3002\u3053\u308c\u306b\u3088\u308a\u3001\u8077\u5834\u3067\u306e\u4eba\u9593\u95a2\u4fc2\u304c\u6df1\u307e\u308a\u3084\u3059\u3044\u3067\u3059\u3002<\/li>\n\n\n\n<li><strong>\u9054\u6210\u611f<\/strong>\uff1a\u30d7\u30ed\u30b8\u30a7\u30af\u30c8\u304c\u5b8c\u6210\u3057\u305f\u3068\u304d\u306e\u9054\u6210\u611f\u3084\u3001\u81ea\u5206\u304c\u95a2\u308f\u3063\u305f\u5efa\u7269\u3084\u30a4\u30f3\u30d5\u30e9\u304c\u5f62\u3068\u3057\u3066\u6b8b\u308b\u3053\u3068\u306b\u5927\u304d\u306a\u6e80\u8db3\u611f\u3092\u5f97\u3089\u308c\u307e\u3059\u3002<\/li>\n<\/ol>\n\n\n\n<h3 class=\"wp-block-heading\">\u307e\u305a\u306f\u8077\u5834\u898b\u5b66\u3092\u30aa\u30b9\u30b9\u30e1<\/h3>\n\n\n\n<p>\u307e\u305a\u306f\u8077\u5834\u306e\u96f0\u56f2\u6c17\u3092\u898b\u3066\u307f\u305f\u3044\u3002\u3069\u306e\u3088\u3046\u306a\u4ed5\u4e8b\u5185\u5bb9\u306a\u306e\u304b\u76f4\u63a5\u805e\u3044\u3066\u307f\u305f\u3044\u3002\u306a\u3069\u306e\u58f0\u3082\u591a\u304f\u3044\u305f\u3060\u3044\u3066\u3044\u308b\u306e\u3067\u8077\u5834\u898b\u5b66\u3092\u30aa\u30b9\u30b9\u30e1\u3057\u3066\u3044\u307e\u3059\u3002\u611b\u5a9b\u770c\u5185\u5b50\u753a\u4ee5\u5916\u304b\u3089\u306e\u65b9\u306b\u306f\u3001\u30aa\u30f3\u30e9\u30a4\u30f3\u3067\u9762\u8ac7\u3084\u3067\u304d\u308b\u9650\u308a\u306e\u4f1a\u793e\u6848\u5185\u3092\u884c\u3044\u307e\u3059\u306e\u3067\u304a\u6c17\u8efd\u306b\u3054\u76f8\u8ac7\u304f\u3060\u3055\u3044\u3002<\/p>\n\n\n<div class=\"wpcf7 no-js\" id=\"wpcf7-f676-o1\" lang=\"ja\" dir=\"ltr\" data-wpcf7-id=\"676\">\n<div class=\"screen-reader-response\">\n<p role=\"status\" aria-live=\"polite\" aria-atomic=\"true\">\n<ul><\/ul>\n<\/div>\n<form action=\"\/index.php?rest_route=%2Fwp%2Fv2%2Fpages%2F700#wpcf7-f676-o1\" method=\"post\" class=\"wpcf7-form init\" aria-label=\"\u30b3\u30f3\u30bf\u30af\u30c8\u30d5\u30a9\u30fc\u30e0\" novalidate=\"novalidate\" data-status=\"init\">\n<fieldset class=\"hidden-fields-container\"><input type=\"hidden\" name=\"_wpcf7\" value=\"676\" \/><input type=\"hidden\" name=\"_wpcf7_version\" value=\"6.1.5\" \/><input type=\"hidden\" name=\"_wpcf7_locale\" value=\"ja\" \/><input type=\"hidden\" name=\"_wpcf7_unit_tag\" value=\"wpcf7-f676-o1\" \/><input type=\"hidden\" name=\"_wpcf7_container_post\" value=\"0\" \/><input type=\"hidden\" name=\"_wpcf7_posted_data_hash\" value=\"\" \/><input type=\"hidden\" name=\"_wpcf7_recaptcha_response\" value=\"\" \/><br \/>\n<\/fieldset>\n<p><span class=\"wpcf7-form-control-wrap\" data-name=\"checkbox-517\"><span class=\"wpcf7-form-control wpcf7-checkbox wpcf7-validates-as-required\"><span class=\"wpcf7-list-item first\"><label><input type=\"checkbox\" name=\"checkbox-517[]\" value=\"\u63a1\u7528\u306b\u3064\u3044\u3066\u306e\u3054\u76f8\u8ac7\" \/><span class=\"wpcf7-list-item-label\">\u63a1\u7528\u306b\u3064\u3044\u3066\u306e\u3054\u76f8\u8ac7<\/span><\/label><\/span><span class=\"wpcf7-list-item\"><label><input type=\"checkbox\" name=\"checkbox-517[]\" value=\"\u8077\u5834\u898b\u5b66\u306b\u3064\u3044\u3066\u306e\u3054\u76f8\u8ac7\" \/><span class=\"wpcf7-list-item-label\">\u8077\u5834\u898b\u5b66\u306b\u3064\u3044\u3066\u306e\u3054\u76f8\u8ac7<\/span><\/label><\/span><span class=\"wpcf7-list-item last\"><label><input type=\"checkbox\" name=\"checkbox-517[]\" value=\"\u305d\u306e\u4ed6\" \/><span class=\"wpcf7-list-item-label\">\u305d\u306e\u4ed6<\/span><\/label><\/span><\/span><\/span>\n<\/p>\n<p><label> \u6c0f\u540d<br \/>\n<span class=\"wpcf7-form-control-wrap\" data-name=\"your-name\"><input size=\"40\" maxlength=\"400\" class=\"wpcf7-form-control wpcf7-text wpcf7-validates-as-required\" aria-required=\"true\" aria-invalid=\"false\" placeholder=\"\u4f8b\uff1a\u3042\u306a\u305f\u306e\u304a\u540d\u524d\" value=\"\" type=\"text\" name=\"your-name\" \/><\/span> <\/label>\n<\/p>\n<p><label> \u30e1\u30fc\u30eb\u30a2\u30c9\u30ec\u30b9<br \/>\n<span class=\"wpcf7-form-control-wrap\" data-name=\"your-email\"><input size=\"40\" maxlength=\"400\" class=\"wpcf7-form-control wpcf7-email wpcf7-validates-as-required wpcf7-text wpcf7-validates-as-email\" aria-required=\"true\" aria-invalid=\"false\" placeholder=\"\u4f8b\uff1a\u00d7\u00d7\u00d7@\u00d7\u00d7\u00d7.com\" value=\"\" type=\"email\" name=\"your-email\" \/><\/span> <\/label>\n<\/p>\n<p><label> \u96fb\u8a71\u756a\u53f7<br \/>\n<span class=\"wpcf7-form-control-wrap\" data-name=\"your-tel\"><input size=\"40\" maxlength=\"400\" class=\"wpcf7-form-control wpcf7-tel wpcf7-validates-as-required wpcf7-text wpcf7-validates-as-tel\" aria-required=\"true\" aria-invalid=\"false\" placeholder=\"\u4f8b\uff1a089-1234-5678\" value=\"\" type=\"tel\" name=\"your-tel\" \/><\/span> <\/label>\n<\/p>\n<p><label> \u30e1\u30c3\u30bb\u30fc\u30b8\u672c\u6587 (\u4efb\u610f)<br \/>\n<span class=\"wpcf7-form-control-wrap\" data-name=\"your-message\"><textarea cols=\"40\" rows=\"10\" maxlength=\"2000\" class=\"wpcf7-form-control wpcf7-textarea\" aria-invalid=\"false\" name=\"your-message\"><\/textarea><\/span> <\/label>\n<\/p>\n<p><input class=\"wpcf7-form-control wpcf7-submit has-spinner\" type=\"submit\" value=\"\u5165\u529b\u5185\u5bb9\u306e\u78ba\u8a8d\" \/><br \/>\n<input type=\"hidden\" name=\"_cf7msm_multistep_tag\" class=\"wpcf7-form-control wpcf7-multistep cf7msm-multistep\" value=\"{&quot;first_step&quot;:1,&quot;next_url&quot;:&quot;\\\/?page_id=690&quot;}\" \/><input type=\"hidden\" name=\"cf7msm-no-ss\" value=\"\" \/>\n<\/p>\n<p style=\"display: none !important;\" class=\"akismet-fields-container\" data-prefix=\"_wpcf7_ak_\"><label>&#916;<textarea name=\"_wpcf7_ak_hp_textarea\" cols=\"45\" rows=\"8\" maxlength=\"100\"><\/textarea><\/label><input type=\"hidden\" id=\"ak_js_1\" name=\"_wpcf7_ak_js\" value=\"104\"\/><script>document.getElementById( \"ak_js_1\" ).setAttribute( \"value\", ( new Date() ).getTime() );<\/script><\/p>\n<div class=\"wpcf7-response-output\" aria-hidden=\"true\"><\/div>\n<\/form>\n<\/div>\n","protected":false},"excerpt":{"rendered":"<p>\u4ee4\u548c\u306e\u6642\u4ee3\u3001\u5efa\u8a2d\u7523\u696d\u304c\u76ee\u6307\u3059\uff13K\u3068\u306f \u3053\u308c\u307e\u3067\u5efa\u8a2d\u7523\u696d\u306f\u3001\u300c\u304d\u3064\u3044\uff08Kitsui\uff09\u300d\u300c\u6c5a\u3044\uff08Kitanai\uff09\u300d\u300c\u5371\u967a\uff08Kiken\uff09\u300d\u3068\u3001\u4e09\u3064\u306e\u8981\u7d20\u304cK\u306e\u6587\u5b57\u304b\u3089\u59cb\u307e\u308b\u3053\u3068\u304b\u3089\u300c\uff13K\uff08Sankei\uff09\u300d\u3068\u547c\u3070\u308c\u3001\u5efa\u8a2d\u696d\u754c\u306e\u52b4<\/p>\n","protected":false},"author":1,"featured_media":185,"parent":0,"menu_order":0,"comment_status":"closed","ping_status":"closed","template":"","meta":{"_monsterinsights_skip_tracking":false,"_monsterinsights_sitenote_active":false,"_monsterinsights_sitenote_note":"","_monsterinsights_sitenote_category":0,"_themeisle_gutenberg_block_has_review":false,"footnotes":""},"class_list":["post-700","page","type-page","status-publish","has-post-thumbnail","hentry"],"_links":{"self":[{"href":"https:\/\/www.kubocom.co.jp\/index.php?rest_route=\/wp\/v2\/pages\/700","targetHints":{"allow":["GET"]}}],"collection":[{"href":"https:\/\/www.kubocom.co.jp\/index.php?rest_route=\/wp\/v2\/pages"}],"about":[{"href":"https:\/\/www.kubocom.co.jp\/index.php?rest_route=\/wp\/v2\/types\/page"}],"author":[{"embeddable":true,"href":"https:\/\/www.kubocom.co.jp\/index.php?rest_route=\/wp\/v2\/users\/1"}],"replies":[{"embeddable":true,"href":"https:\/\/www.kubocom.co.jp\/index.php?rest_route=%2Fwp%2Fv2%2Fcomments&post=700"}],"version-history":[{"count":5,"href":"https:\/\/www.kubocom.co.jp\/index.php?rest_route=\/wp\/v2\/pages\/700\/revisions"}],"predecessor-version":[{"id":706,"href":"https:\/\/www.kubocom.co.jp\/index.php?rest_route=\/wp\/v2\/pages\/700\/revisions\/706"}],"wp:featuredmedia":[{"embeddable":true,"href":"https:\/\/www.kubocom.co.jp\/index.php?rest_route=\/wp\/v2\/media\/185"}],"wp:attachment":[{"href":"https:\/\/www.kubocom.co.jp\/index.php?rest_route=%2Fwp%2Fv2%2Fmedia&parent=700"}],"curies":[{"name":"wp","href":"https:\/\/api.w.org\/{rel}","templated":true}]}}