{"id":62,"date":"2024-09-11T12:52:15","date_gmt":"2024-09-11T03:52:15","guid":{"rendered":"https:\/\/www.kubocom.co.jp\/?page_id=62"},"modified":"2024-11-06T16:52:29","modified_gmt":"2024-11-06T07:52:29","slug":"inspection","status":"publish","type":"page","link":"https:\/\/www.kubocom.co.jp\/?page_id=62","title":{"rendered":"\u8077\u5834\u898b\u5b66\u306b\u3064\u3044\u3066"},"content":{"rendered":"\n<h3 class=\"wp-block-heading\">\u65b0\u5352\u63a1\u7528\u306b\u5411\u3051\u3066\u5c31\u8077\u6d3b\u52d5\u4e2d\u306e\u7686\u3055\u307e\u3078<\/h3>\n\n\n\n<p>\u5efa\u8a2d\u7523\u696d\u304c\u3069\u306e\u3088\u3046\u306a\u96f0\u56f2\u6c17\u3067\u3001\u4e45\u4fdd\u8208\u696d\u682a\u5f0f\u4f1a\u793e\u306f\u3069\u306e\u3088\u3046\u306a\u4f1a\u793e\u306a\u306e\u304b\u3001\u6587\u5b57\u3060\u3051\u3067\u4f1d\u3048\u308b\u3053\u3068\u304c\u3067\u304d\u305a\u7533\u3057\u8a33\u3042\u308a\u307e\u305b\u3093\u3002\u5f0a\u793e\u3067\u306f\u3001\u5c31\u8077\u6d3b\u52d5\u3084\u8ee2\u8077\u6d3b\u52d5\u3067\u8996\u91ce\u3092\u5e83\u3052\u308b\u305f\u3081\u306e\u8077\u5834\u898b\u5b66\u30fb\u5c11\u3057\u3060\u3051\u4f53\u9a13\u3092\u968f\u6642\u53d7\u3051\u4ed8\u3051\u3066\u3044\u307e\u3059\u3002\u5b9f\u969b\u306b\u30db\u30fc\u30e0\u30da\u30fc\u30b8\u3084\u6587\u5b57\u3060\u3051\u3067\u306f\u3001\u50cd\u304f\u81ea\u5206\u306e\u59ff\u3084\u5c06\u6765\u50cf\u3063\u3066\u306a\u304b\u306a\u304b\u60f3\u50cf\u304c\u3067\u304d\u307e\u305b\u3093\u3088\u306d\u3002\u6700\u8fd1\u306f\u3069\u3053\u306e\u4f1a\u793e\u3055\u3093\u3082\u30db\u30fc\u30e0\u30da\u30fc\u30b8\u306f\u6574\u3063\u3066\u3044\u3066\u4f1a\u793e\u306e\u5916\u89b3\u3084\u50cd\u304f\u4eba\u306f\u77e5\u308c\u308b\u304b\u3082\u3057\u308c\u307e\u305b\u3093\u304c\u3001\u5c11\u3057\u9762\u5012\u3060\u3068\u611f\u3058\u3066\u3082\u4e8b\u524d\u306b\u4f1a\u793e\u306b\u898b\u5b66\u3084\u4f53\u9a13\u306b\u884c\u304f\u3053\u3068\u3092\u63a8\u5968\u3057\u3066\u3044\u307e\u3059\u3002<\/p>\n\n\n\n<ul class=\"wp-block-list\">\n<li>\u8077\u5834\u306e\u96f0\u56f2\u6c17\u3092\u898b\u3066\u307f\u305f\u3044\u3002<\/li>\n\n\n\n<li>\u305d\u3053\u3067\u50cd\u304f\u4eba\u306b\u76f4\u63a5\u3044\u308d\u3044\u308d\u805e\u3044\u3066\u307f\u305f\u3044\u3002<\/li>\n\n\n\n<li>\u91cd\u6a5f\u64cd\u4f5c\u304c\u3057\u3066\u307f\u305f\u3044\u3002<\/li>\n<\/ul>\n\n\n\n<p>\u306a\u3069\u306a\u3069\u904e\u53bb\u306b\u5c31\u8077\u8aac\u660e\u4f1a\u3084\u5b66\u751f\u305f\u3061\u3068\u306e\u610f\u898b\u4ea4\u63db\u3067\u305f\u304f\u3055\u3093\u58f0\u3092\u3044\u305f\u3060\u3044\u3066\u304d\u305f\u5f0a\u793e\u3060\u304b\u3089\u3053\u305d\u3001\u5c31\u8077\u5148\u3067\u60a9\u3080\u7686\u3055\u307e\u306b\u5b89\u5fc3\u3057\u3066\u9078\u3093\u3067\u3044\u305f\u3060\u304d\u305f\u3044\u3002\u30df\u30b9\u30de\u30c3\u30c1\u3092\u306a\u304f\u3057\u3066\u3044\u304d\u305f\u3044\u3002\u305d\u306e\u8ab2\u984c\u3092\u89e3\u6c7a\u3059\u308b\u305f\u3081\u306e\u624b\u6cd5\u3068\u3057\u3066\u8077\u5834\u898b\u5b66\u3092\u662f\u975e\u3068\u3082\u5229\u7528\u3057\u3066\u304f\u3060\u3055\u3044\u3002<\/p>\n\n\n\n<figure class=\"wp-block-image size-large\"><img loading=\"lazy\" decoding=\"async\" width=\"1024\" height=\"338\" src=\"https:\/\/www.kubocom.co.jp\/wp-content\/uploads\/2024\/09\/syokubataiken-1024x338.png\" alt=\"\" class=\"wp-image-77\" srcset=\"https:\/\/www.kubocom.co.jp\/wp-content\/uploads\/2024\/09\/syokubataiken-1024x338.png 1024w, https:\/\/www.kubocom.co.jp\/wp-content\/uploads\/2024\/09\/syokubataiken-300x99.png 300w, https:\/\/www.kubocom.co.jp\/wp-content\/uploads\/2024\/09\/syokubataiken-768x253.png 768w, https:\/\/www.kubocom.co.jp\/wp-content\/uploads\/2024\/09\/syokubataiken-1536x506.png 1536w, https:\/\/www.kubocom.co.jp\/wp-content\/uploads\/2024\/09\/syokubataiken-2048x675.png 2048w, https:\/\/www.kubocom.co.jp\/wp-content\/uploads\/2024\/09\/syokubataiken-1024x338.png 856w\" sizes=\"auto, (max-width: 1024px) 100vw, 1024px\" \/><\/figure>\n\n\n\n<h3 class=\"wp-block-heading\">\u30a4\u30f3\u30bf\u30fc\u30f3\u30b7\u30c3\u30d7\u5148\u3092\u304a\u63a2\u3057\u306e\u7686\u3055\u307e\u3078<\/h3>\n\n\n\n<p>\u5b66\u751f\u6642\u4ee3\u306b\u4f55\u3092\u3057\u3066\u304d\u305f\u306e\u304b\u3001\u3069\u306e\u3088\u3046\u306a\u7d4c\u9a13\u3092\u3057\u3066\u304d\u305f\u306e\u304b\u3002\u6c42\u4eba\u60c5\u5831\u30b5\u30a4\u30c8\u306b\u3088\u308b\u3068\u3088\u308b\u3068\u3001\u5c31\u8077\u6d3b\u52d5\u3092\u9032\u3081\u3066\u3044\u304f\u4e2d\u3067\u3001\u65e9\u3044\u6bb5\u968e\u3067\u5c31\u8077\u5e0c\u671b\u5148\u3078\u306e\u30a4\u30f3\u30bf\u30fc\u30f3\u30b7\u30c3\u30d7\u3084\u3001\u81ea\u5206\u306e\u7d4c\u9a13\u3084\u8996\u91ce\u3092\u5e83\u3052\u308b\u305f\u3081\u306e\u5834\u3068\u3057\u3066\u30a4\u30f3\u30bf\u30fc\u30f3\u30b7\u30c3\u30d7\u306b\u53c2\u52a0\u3059\u308b\u5b66\u751f\u3082\u5897\u3048\u3066\u3044\u308b\u3088\u3046\u3067\u3059\u3002\u5f0a\u793e\u3067\u306f\u30a4\u30f3\u30bf\u30fc\u30f3\u30b7\u30c3\u30d7\u53d7\u5165\u308c\u30d1\u30c3\u30b1\u30fc\u30b8\u306f\u3067\u304d\u3066\u3044\u307e\u305b\u3093\u304c\u3001\u53c2\u52a0\u5e0c\u671b\u8005\u304c\u3044\u308c\u3070\u3001\u610f\u898b\u3092\u53d6\u308a\u5165\u308c\u305f\u30a4\u30f3\u30bf\u30fc\u30f3\u30b7\u30c3\u30d7\u3092\u4e00\u7dd2\u306b\u8a08\u753b\u3057\u3001\u77ed\u671f\u9593\u3067\u5efa\u8a2d\u7523\u696d\u95a2\u4fc2\u306b\u89e6\u308c\u3089\u308c\u308b\u6a5f\u4f1a\u3092\u63d0\u4f9b\u3057\u305f\u3044\u3068\u8003\u3048\u3066\u3044\u307e\u3059\u3002<\/p>\n\n\n\n<ul class=\"wp-block-list\">\n<li>\u77ed\u671f\u9593\u3067\u3044\u3044\u304b\u3089\u5efa\u8a2d\u7523\u696d\u306b\u89e6\u308c\u3066\u307f\u305f\u3044<\/li>\n\n\n\n<li>\u540c\u3058\u304f\u5c31\u8077\u6d3b\u52d5\u4e2d\u306e\u77e5\u308a\u5408\u3044\u304c\u30a4\u30f3\u30bf\u30fc\u30f3\u30b7\u30c3\u30d7\u3057\u3066\u3044\u3066\u7126\u3063\u3066\u3044\u308b<\/li>\n\n\n\n<li>\u3068\u306b\u304b\u304f\u3069\u3053\u3067\u3082\u3044\u3044\u304b\u3089\u30a4\u30f3\u30bf\u30fc\u30f3\u30b7\u30c3\u30d7\u3092\u3057\u3066\u307f\u305f\u3044<\/li>\n<\/ul>\n\n\n\n<p>\u306a\u3069\u306a\u3069\u7406\u7531\u306f\u69d8\u3005\u3067\u3057\u3087\u3046\u304c\u3001\u5730\u57df\u5bc6\u7740\u3067\u3064\u306a\u304c\u308a\u3068\u7686\u3055\u3093\u304c\u6d3b\u8e8d\u3067\u304d\u308b\u74b0\u5883\u3092\u6574\u3048\u305f\u3044\u306e\u3067\u662f\u975e\u3068\u3082\u5229\u7528\u3057\u3066\u304f\u3060\u3055\u3044\u3002<\/p>\n\n\n\n<h3 class=\"wp-block-heading\">I\u30bf\u30fc\u30f3\u3001U\u30bf\u30fc\u30f3\u3067\u5185\u5b50\u753a\u3067\u4ed5\u4e8b\u3092\u63a2\u3059\u7686\u3055\u307e\u3078<\/h3>\n\n\n\n<p>\u611b\u5a9b\u770c\u5185\u5b50\u753a\u3067\u306e\u50cd\u304d\u65b9\u306f\u3001\u5c31\u8077\u3059\u308b\u3001\u30c6\u30ec\u30ef\u30fc\u30af\u306e\u62e0\u70b9\u3068\u3057\u3066\u4f4f\u3080\u3001\u8d77\u696d\u30fb\u4e8b\u696d\u627f\u7d99\u3059\u308b\u306a\u3069\u3001\u3048\u3072\u3081\u79fb\u4f4f\u30cd\u30c3\u30c8\u306b\u8272\u3005\u3068\u66f8\u3044\u3066\u3044\u307e\u3059\u3002\u4f4f\u3080\u5834\u6240\u3068\u50cd\u304f\u5834\u6240\u306f\u5206\u3051\u3066\u8003\u3048\u3066\u3082\u79fb\u52d5\u304c\u4e3b\u306b\u8eca\u793e\u4f1a\u306e\u611b\u5a9b\u3067\u3042\u308c\u3070\u610f\u5916\u3068\u901a\u3048\u307e\u3059\u3002\u5f0a\u793e\u3082\u677e\u5c71\u5e02\u3001\u516b\u5e61\u6d5c\u5e02\u3001\u4f0a\u4e88\u5e02\u3001\u5927\u6d32\u5e02\u304b\u3089\u8eca\u3092\u5229\u7528\u3057\u3066\u901a\u52e4\u3057\u3066\u50cd\u3044\u3066\u3044\u305f\u3060\u3044\u3066\u3044\u308b\u793e\u54e1\u3055\u3093\u3082\u591a\u304f\u3044\u307e\u3059\u3002\u4ed6\u793e\u3055\u3093\u3060\u3068\u516c\u5171\u4ea4\u901a\u6a5f\u95a2\u3092\u5229\u7528\u3057\u3066\u901a\u52e4\u3057\u3066\u3044\u308b\u65b9\u3082\u3044\u308b\u3088\u3046\u306a\u306e\u3067\u3001\u307e\u305a\u306f\u3054\u76f8\u8ac7\u304f\u3060\u3055\u3044\u3002\u9650\u5ea6\u306f\u5b9a\u3081\u3066\u3044\u307e\u3059\u304c\u3001\u3082\u3061\u308d\u3093\u901a\u52e4\u624b\u5f53\u3082\u3042\u308a\u307e\u3059\u3002\u307e\u305a\u306f\u8077\u5834\u898b\u5b66\u3057\u3066\u307f\u3066\u3001\u611b\u5a9b\u770c\u3067\u306e\u751f\u6d3b\u30a4\u30e1\u30fc\u30b8\u3092\u3088\u308a\u89e3\u50cf\u5ea6\u3092\u4e0a\u3052\u3066\u307f\u307e\u305b\u3093\u304b\uff1f<\/p>\n\n\n\n<h3 class=\"wp-block-heading\">\u8077\u5834\u898b\u5b66\u3001\u305d\u306e\u4ed6\u306e\u7533\u8fbc\u3084\u554f\u5408\u305b\u306b\u3064\u3044\u3066<\/h3>\n\n\n\n<p>\u304a\u554f\u3044\u5408\u308f\u305b\u306f\u7533\u8fbc\u30d5\u30a9\u30fc\u30e0\u53c8\u306f\u304a\u96fb\u8a71\u306b\u3066\u304a\u7533\u3057\u8fbc\u307f\u304f\u3060\u3055\u3044\u3002\u554f\u3044\u5408\u308f\u305b\u30d5\u30a9\u30fc\u30e0\u304b\u3089\u3060\u3068\u8fd4\u7b54\u306b\u304a\u6642\u9593\u3092\u8981\u3059\u308b\u5834\u5408\u304c\u3054\u3056\u3044\u307e\u3059\u3002<\/p>\n\n\n\n<ul class=\"wp-block-list\">\n<li>\u6c0f\u540d\u7b49\u306e\u78ba\u8a8d\uff08\u203b\u8077\u5834\u898b\u5b66\u306b\u5c65\u6b74\u66f8\u306f\u4e0d\u8981\u3067\u3059\u3002\uff09<\/li>\n\n\n\n<li>\u65e5\u7a0b\u3068\u6642\u9593\u8abf\u6574\uff08\u203b\u9032\u6357\u306b\u3088\u3063\u3066\u306f\u898b\u5b66\u3067\u304d\u306a\u3044\u5834\u6240\u3084\u73fe\u5834\u3082\u3054\u3056\u3044\u307e\u3059\u3002\u65e5\u66dc\u65e5\u3084\u795d\u65e5\u7b49\u3067\u5f0a\u793e\u304c\u4f11\u65e5\u306e\u5834\u5408\u306f\u53d7\u3051\u5165\u308c\u3092\u304a\u65ad\u308a\u3059\u308b\u3053\u3068\u304c\u3042\u308a\u307e\u3059\u3002\uff09<\/li>\n\n\n\n<li>\u670d\u88c5\u306a\u3069\u306e\u78ba\u8a8d\uff08\u203b\u30d8\u30eb\u30e1\u30c3\u30c8\u306f\u5f0a\u793e\u3067\u304a\u8cb8\u3057\u3057\u307e\u3059\u3002\uff09<\/li>\n<\/ul>\n\n\n\n<p>\u3000\u203b\u304a\u96fb\u8a71\u306e\u969b\u306b\u306f\u3001\u300c\u8077\u5834\u898b\u5b66\u306b\u3064\u3044\u3066\u30db\u30fc\u30e0\u30da\u30fc\u30b8\u3067\u898b\u305f\u300d\u3068\u4f1d\u3048\u3066\u3044\u305f\u3060\u304f\u3068\u30b9\u30e0\u30fc\u30b9\u3067\u3059\u3002<br><br>\u3010\u62c5\u5f53\u3011\u7dcf\u52d9\u90e8\u3000\uff10\uff18\uff19\uff13\uff0d\uff14\uff14\uff0d\uff13\uff11\uff12\uff15\uff08\u62c5\u5f53\u3000\u9234\u6728\uff09<br>&nbsp; email: suzuki\u25cfkubocom.co.jp \u25cf\u306e\u7b87\u6240\u3092@\u306b\u5909\u66f4\u3057\u3066\u304f\u3060\u3055\u3044\u3002<\/p>\n\n\n\n<h3 class=\"wp-block-heading\">\u554f\u3044\u5408\u308f\u305b<\/h3>\n\n\n<div class=\"wpcf7 no-js\" id=\"wpcf7-f676-o1\" lang=\"ja\" dir=\"ltr\" data-wpcf7-id=\"676\">\n<div class=\"screen-reader-response\">\n<p role=\"status\" aria-live=\"polite\" aria-atomic=\"true\">\n<ul><\/ul>\n<\/div>\n<form action=\"\/index.php?rest_route=%2Fwp%2Fv2%2Fpages%2F62#wpcf7-f676-o1\" method=\"post\" class=\"wpcf7-form init\" aria-label=\"\u30b3\u30f3\u30bf\u30af\u30c8\u30d5\u30a9\u30fc\u30e0\" novalidate=\"novalidate\" data-status=\"init\">\n<fieldset class=\"hidden-fields-container\"><input type=\"hidden\" name=\"_wpcf7\" value=\"676\" \/><input type=\"hidden\" name=\"_wpcf7_version\" value=\"6.1.5\" \/><input type=\"hidden\" name=\"_wpcf7_locale\" value=\"ja\" \/><input type=\"hidden\" name=\"_wpcf7_unit_tag\" value=\"wpcf7-f676-o1\" \/><input type=\"hidden\" name=\"_wpcf7_container_post\" value=\"0\" \/><input type=\"hidden\" name=\"_wpcf7_posted_data_hash\" value=\"\" \/><input type=\"hidden\" name=\"_wpcf7_recaptcha_response\" value=\"\" \/><br \/>\n<\/fieldset>\n<p><span class=\"wpcf7-form-control-wrap\" data-name=\"checkbox-517\"><span class=\"wpcf7-form-control wpcf7-checkbox wpcf7-validates-as-required\"><span class=\"wpcf7-list-item first\"><label><input type=\"checkbox\" name=\"checkbox-517[]\" value=\"\u63a1\u7528\u306b\u3064\u3044\u3066\u306e\u3054\u76f8\u8ac7\" \/><span class=\"wpcf7-list-item-label\">\u63a1\u7528\u306b\u3064\u3044\u3066\u306e\u3054\u76f8\u8ac7<\/span><\/label><\/span><span class=\"wpcf7-list-item\"><label><input type=\"checkbox\" name=\"checkbox-517[]\" value=\"\u8077\u5834\u898b\u5b66\u306b\u3064\u3044\u3066\u306e\u3054\u76f8\u8ac7\" \/><span class=\"wpcf7-list-item-label\">\u8077\u5834\u898b\u5b66\u306b\u3064\u3044\u3066\u306e\u3054\u76f8\u8ac7<\/span><\/label><\/span><span class=\"wpcf7-list-item last\"><label><input type=\"checkbox\" name=\"checkbox-517[]\" value=\"\u305d\u306e\u4ed6\" \/><span class=\"wpcf7-list-item-label\">\u305d\u306e\u4ed6<\/span><\/label><\/span><\/span><\/span>\n<\/p>\n<p><label> \u6c0f\u540d<br \/>\n<span class=\"wpcf7-form-control-wrap\" data-name=\"your-name\"><input size=\"40\" maxlength=\"400\" class=\"wpcf7-form-control wpcf7-text wpcf7-validates-as-required\" aria-required=\"true\" aria-invalid=\"false\" placeholder=\"\u4f8b\uff1a\u3042\u306a\u305f\u306e\u304a\u540d\u524d\" value=\"\" type=\"text\" name=\"your-name\" \/><\/span> <\/label>\n<\/p>\n<p><label> \u30e1\u30fc\u30eb\u30a2\u30c9\u30ec\u30b9<br \/>\n<span class=\"wpcf7-form-control-wrap\" data-name=\"your-email\"><input size=\"40\" maxlength=\"400\" class=\"wpcf7-form-control wpcf7-email wpcf7-validates-as-required wpcf7-text wpcf7-validates-as-email\" aria-required=\"true\" aria-invalid=\"false\" placeholder=\"\u4f8b\uff1a\u00d7\u00d7\u00d7@\u00d7\u00d7\u00d7.com\" value=\"\" type=\"email\" name=\"your-email\" \/><\/span> <\/label>\n<\/p>\n<p><label> \u96fb\u8a71\u756a\u53f7<br \/>\n<span class=\"wpcf7-form-control-wrap\" data-name=\"your-tel\"><input size=\"40\" maxlength=\"400\" class=\"wpcf7-form-control wpcf7-tel wpcf7-validates-as-required wpcf7-text wpcf7-validates-as-tel\" aria-required=\"true\" aria-invalid=\"false\" placeholder=\"\u4f8b\uff1a089-1234-5678\" value=\"\" type=\"tel\" name=\"your-tel\" \/><\/span> <\/label>\n<\/p>\n<p><label> \u30e1\u30c3\u30bb\u30fc\u30b8\u672c\u6587 (\u4efb\u610f)<br \/>\n<span class=\"wpcf7-form-control-wrap\" data-name=\"your-message\"><textarea cols=\"40\" rows=\"10\" maxlength=\"2000\" class=\"wpcf7-form-control wpcf7-textarea\" aria-invalid=\"false\" name=\"your-message\"><\/textarea><\/span> <\/label>\n<\/p>\n<p><input class=\"wpcf7-form-control wpcf7-submit has-spinner\" type=\"submit\" value=\"\u5165\u529b\u5185\u5bb9\u306e\u78ba\u8a8d\" \/><br \/>\n<input type=\"hidden\" name=\"_cf7msm_multistep_tag\" class=\"wpcf7-form-control wpcf7-multistep cf7msm-multistep\" value=\"{&quot;first_step&quot;:1,&quot;next_url&quot;:&quot;\\\/?page_id=690&quot;}\" \/><input type=\"hidden\" name=\"cf7msm-no-ss\" value=\"\" \/>\n<\/p>\n<p style=\"display: none !important;\" class=\"akismet-fields-container\" data-prefix=\"_wpcf7_ak_\"><label>&#916;<textarea name=\"_wpcf7_ak_hp_textarea\" cols=\"45\" rows=\"8\" maxlength=\"100\"><\/textarea><\/label><input type=\"hidden\" id=\"ak_js_1\" name=\"_wpcf7_ak_js\" value=\"126\"\/><script>document.getElementById( \"ak_js_1\" ).setAttribute( \"value\", ( new Date() ).getTime() );<\/script><\/p>\n<div class=\"wpcf7-response-output\" aria-hidden=\"true\"><\/div>\n<\/form>\n<\/div>\n","protected":false},"excerpt":{"rendered":"<p>\u65b0\u5352\u63a1\u7528\u306b\u5411\u3051\u3066\u5c31\u8077\u6d3b\u52d5\u4e2d\u306e\u7686\u3055\u307e\u3078 \u5efa\u8a2d\u7523\u696d\u304c\u3069\u306e\u3088\u3046\u306a\u96f0\u56f2\u6c17\u3067\u3001\u4e45\u4fdd\u8208\u696d\u682a\u5f0f\u4f1a\u793e\u306f\u3069\u306e\u3088\u3046\u306a\u4f1a\u793e\u306a\u306e\u304b\u3001\u6587\u5b57\u3060\u3051\u3067\u4f1d\u3048\u308b\u3053\u3068\u304c\u3067\u304d\u305a\u7533\u3057\u8a33\u3042\u308a\u307e\u305b\u3093\u3002\u5f0a\u793e\u3067\u306f\u3001\u5c31\u8077\u6d3b\u52d5\u3084\u8ee2\u8077\u6d3b\u52d5\u3067\u8996\u91ce\u3092\u5e83\u3052\u308b\u305f\u3081\u306e\u8077\u5834\u898b\u5b66\u30fb\u5c11\u3057\u3060\u3051<\/p>\n","protected":false},"author":1,"featured_media":0,"parent":0,"menu_order":0,"comment_status":"closed","ping_status":"closed","template":"","meta":{"_monsterinsights_skip_tracking":false,"_monsterinsights_sitenote_active":false,"_monsterinsights_sitenote_note":"","_monsterinsights_sitenote_category":0,"_themeisle_gutenberg_block_has_review":false,"footnotes":""},"class_list":["post-62","page","type-page","status-publish","hentry"],"_links":{"self":[{"href":"https:\/\/www.kubocom.co.jp\/index.php?rest_route=\/wp\/v2\/pages\/62","targetHints":{"allow":["GET"]}}],"collection":[{"href":"https:\/\/www.kubocom.co.jp\/index.php?rest_route=\/wp\/v2\/pages"}],"about":[{"href":"https:\/\/www.kubocom.co.jp\/index.php?rest_route=\/wp\/v2\/types\/page"}],"author":[{"embeddable":true,"href":"https:\/\/www.kubocom.co.jp\/index.php?rest_route=\/wp\/v2\/users\/1"}],"replies":[{"embeddable":true,"href":"https:\/\/www.kubocom.co.jp\/index.php?rest_route=%2Fwp%2Fv2%2Fcomments&post=62"}],"version-history":[{"count":9,"href":"https:\/\/www.kubocom.co.jp\/index.php?rest_route=\/wp\/v2\/pages\/62\/revisions"}],"predecessor-version":[{"id":886,"href":"https:\/\/www.kubocom.co.jp\/index.php?rest_route=\/wp\/v2\/pages\/62\/revisions\/886"}],"wp:attachment":[{"href":"https:\/\/www.kubocom.co.jp\/index.php?rest_route=%2Fwp%2Fv2%2Fmedia&parent=62"}],"curies":[{"name":"wp","href":"https:\/\/api.w.org\/{rel}","templated":true}]}}