{"id":179,"date":"2024-09-13T09:16:20","date_gmt":"2024-09-13T00:16:20","guid":{"rendered":"https:\/\/www.kubocom.co.jp\/?page_id=179"},"modified":"2025-03-01T10:59:27","modified_gmt":"2025-03-01T01:59:27","slug":"%e6%8e%a1%e7%94%a8%e6%83%85%e5%a0%b1","status":"publish","type":"page","link":"https:\/\/www.kubocom.co.jp\/?page_id=179","title":{"rendered":"\u63a1\u7528\u60c5\u5831"},"content":{"rendered":"\n<figure class=\"wp-block-image size-large\"><img loading=\"lazy\" decoding=\"async\" width=\"1024\" height=\"302\" src=\"https:\/\/www.kubocom.co.jp\/wp-content\/uploads\/2024\/09\/rec_kubo_banner-1024x302.jpg\" alt=\"\" class=\"wp-image-185\" srcset=\"https:\/\/www.kubocom.co.jp\/wp-content\/uploads\/2024\/09\/rec_kubo_banner-1024x302.jpg 1024w, https:\/\/www.kubocom.co.jp\/wp-content\/uploads\/2024\/09\/rec_kubo_banner-300x89.jpg 300w, https:\/\/www.kubocom.co.jp\/wp-content\/uploads\/2024\/09\/rec_kubo_banner-768x227.jpg 768w, https:\/\/www.kubocom.co.jp\/wp-content\/uploads\/2024\/09\/rec_kubo_banner.jpg 1280w, https:\/\/www.kubocom.co.jp\/wp-content\/uploads\/2024\/09\/rec_kubo_banner-1024x302.jpg 856w\" sizes=\"auto, (max-width: 1024px) 100vw, 1024px\" \/><\/figure>\n\n\n\n<p>\u4e45\u4fdd\u8208\u696d\u306b\u8208\u5473\u3092\u6301\u3063\u3066\u3044\u305f\u3060\u304d\u3001\u3042\u308a\u304c\u3068\u3046\u3054\u3056\u3044\u307e\u3059\u3002<\/p>\n\n\n\n<p>\u79c1\u305f\u3061\u306e\u4f1a\u793e\u306f\u3001\u30ad\u30e9\u30ea\u3068\u5149\u308b\u30a8\u30b3\u30ed\u30b8\u30fc\u30bf\u30a6\u30f3\u611b\u5a9b\u770c\u5185\u5b50\u753a\u306b\u3042\u308a\u307e\u3059\u3002\u72ed\u3044\u9053\u8def\u3084\u5d29\u308c\u305d\u3046\u306a\u5c71\u9053\u306a\u3069\u3001\u5730\u57df\u306e\u4eba\u304c\u3082\u3063\u3068\u4fbf\u5229\u3067\u5feb\u9069\u3067\u3001\u305a\u3063\u3068\u4f4f\u3093\u3067\u3044\u305f\u3044\u5834\u6240\u306b\u306a\u308b\u3088\u3046\u306b\u3001\u307f\u3093\u306a\u304c\u4f7f\u3046\u9053\u8def\u3084\u6a4b\u3092\u4f5c\u3063\u305f\u308a\u3001\u5d29\u308c\u3066\u3057\u307e\u3063\u305f\u5c71\u3084\u5ddd\u3092\u76f4\u3057\u305f\u308a\u3068\u3001<span class=\"marker2\">\u5730\u57df\u306e\u7686\u3055\u307e\u306b\u559c\u3093\u3067\u3044\u305f\u3060\u3051\u308b\u4ed5\u4e8b\u304c\u3067\u304d\u308b\u7dcf\u5408\u5efa\u8a2d\u4f1a\u793e<\/span>\u3067\u3059\u3002<\/p>\n\n\n\n<p>\u662d\u548c42\u5e74\u306b\u5275\u7acb\u3057\u3001\u534a\u4e16\u7d00\u4f59\u308a\u3002\u57fa\u672c\u306b\u300c\u5730\u57df\u306e\u74b0\u5883\u3065\u304f\u308a\u306b\u5949\u4ed5\u3059\u308b\u4f01\u696d\u300d\u3068\u3044\u3046\u660e\u6cbb30\u5e74\u306e\u5275\u696d\u4ee5\u6765\u306e\u7406\u5ff5\u306f\u8108\u3005\u3068\u6d41\u308c\u3066\u3044\u307e\u3059\u3002<\/p>\n\n\n\n<p><span class=\"marker2\">\u793e\u54e1\u3072\u3068\u308a\u3072\u3068\u308a\u306b\u751f\u304d\u304c\u3044\u5275\u9020\u306e\u5834\u3092\u63d0\u4f9b\u3059\u308b<\/span>\u3053\u3068\u3092\u63b2\u3052\u3066\u3044\u307e\u3059\u3002\u5efa\u8a2d\u7523\u696d\u306e\u30d5\u30a3\u30fc\u30eb\u30c9\u3067\u65b0\u3057\u3044\u3053\u3068\u306b\u3082\u7a4d\u6975\u7684\u306b\u6311\u6226\u3057\u306a\u304c\u3089\u3001\u4e00\u7dd2\u306b\u4e45\u4fdd\u8208\u696d\u306e\u4e00\u54e1\u3068\u3057\u3066\u6d3b\u8e8d\u30fb\u6210\u9577\u3057\u3066\u3044\u304d\u307e\u3057\u3087\u3046\u3002<\/p>\n\n\n\n<div class=\"wp-block-buttons is-layout-flex wp-block-buttons-is-layout-flex\">\n<div class=\"wp-block-button is-style-outline is-style-outline--1\"><a class=\"wp-block-button__link has-text-align-center wp-element-button\" href=\"https:\/\/www.kubocom.co.jp\/?page_id=62\">\u8077\u5834\u898b\u5b66\u306f\u30b3\u30c1\u30e9\u304b\u3089<\/a><\/div>\n\n\n\n<div class=\"wp-block-button is-style-outline is-style-outline--2\"><a class=\"wp-block-button__link wp-element-button\" href=\"https:\/\/www.kubocom.co.jp\/?page_id=700\">\u3069\u3046\u3057\u3066\u5efa\u8a2d\u7523\u696d\u3092\u9078\u3076\u306e\uff1f<\/a><\/div>\n<\/div>\n\n\n\n<h3 class=\"wp-block-heading\">\u65b0\u5352\u63a1\u7528<\/h3>\n\n\n\n<p>\u3000\u3053\u3053\u3067\u306f\u4e3b\u306b\u9ad8\u6821\u5352\u696d\u306e\u65b0\u5352\u63a1\u7528\u306e\u60c5\u5831\u3092\u63b2\u8f09\u3057\u3066\u3044\u307e\u3059\u3002<br>\u3000\u5927\u5352\u8005\u306b\u5bfe\u3057\u3066\u3082\u65bd\u5de5\u7ba1\u7406\u306e\u30b9\u30da\u30b7\u30e3\u30ea\u30b9\u30c8\u3092\u76ee\u6307\u3059\u65b9\u306b\u5411\u3051\u305f\u63a1\u7528\u3082\u3057\u3066\u3044\u307e\u3059\u3002<\/p>\n\n\n\n<figure class=\"wp-block-table alignleft\"><table class=\"has-fixed-layout\"><tbody><tr><td>\u8077\u7a2e<\/td><td>\u571f\u6728\u5efa\u8a2d\u5de5\u4e8b\u306e\u65bd\u5de5\u53ca\u3073\u7ba1\u7406\u52a9\u624b<\/td><\/tr><tr><td>\u4ed5\u4e8b\u306e\u5185\u5bb9<\/td><td>\u5185\u5b50\u753a\u3084\u5927\u6d32\u5e02\u5185\u306e\u73fe\u5834\u3067\u3001\u7815\u77f3\u306e\u6577\u5747\u3001\u8cc7\u6750\u306e\u904b\u642c\u3001\u578b\u67a0\u7d44\u7acb\u3001\u30b3\u30f3\u30af\u30ea\u30fc\u30c8\u306e\u6253\u3061\u8fbc\u307f\u306a\u3069\u306e\u4f5c\u696d\u3092\u899a\u3048\u3066\u3082\u3089\u3044\u307e\u3059\u3002<br><br>\u30ad\u30e3\u30ea\u30a2\u30a2\u30c3\u30d7\u3082\u3082\u3061\u308d\u3093\u53ef\u80fd\u3067\u3001\u5148\u8f29\u793e\u54e1\u306e\u3082\u3068\u3067\u4ed5\u4e8b\u3092\u5b66\u3093\u3067\u3082\u3089\u3044\u3001\u4ed5\u4e8b\u306b\u5fc5\u8981\u306a\u8cc7\u683c\u306b\u306f\u53d6\u5f97\u8cbb\u7528\u306e\u52a9\u6210\u304c\u3042\u308a\u307e\u3059\u3002\u5c06\u6765\u7684\u306b\u91cd\u6a5f\u30aa\u30da\u30ec\u30fc\u30bf\u30fc\u3084\u73fe\u5834\u76e3\u7763\u3078\u306e\u30ad\u30e3\u30ea\u30a2\u30a2\u30c3\u30d7\u3082\u53ef\u80fd\u3067\u3059\u3002<\/td><\/tr><tr><td>\u57fa\u672c\u7d66<\/td><td>180,000\u5186\uff5e\uff08\u9ad8\u5352\uff09<br>200,000\u5186\uff5e\uff08\u5c02\u9580\u5352\uff09<br>220,000\u5186\uff5e\uff08\u5927\u5352\uff09<\/td><\/tr><tr><td>\u96c7\u7528\u5f62\u614b<\/td><td>\u6b63\u793e\u54e1<\/td><\/tr><tr><td>\u5fc5\u8981\u306a\u514d\u8a31\u30fb\u8cc7\u683c<\/td><td>\u666e\u901a\u81ea\u52d5\u8eca\u904b\u8ee2\u514d\u8a31<br>\u5fc5\u9808\uff08\uff21\uff34\u9650\u5b9a\u4e0d\u53ef\uff09<\/td><\/tr><tr><td>\u6708\u5e73\u5747\u52b4\u50cd\u65e5\u6570<\/td><td>21.2\u65e5<\/td><\/tr><tr><td>\u901a\u52e4\u624b\u5f53<\/td><td>\u5b9f\u8cbb\u652f\u7d66\uff08\u4e0a\u9650\u3042\u308a\uff09 \uff08\u6708\u984d 20,000\u5186\uff09<\/td><\/tr><tr><td>\u5c31\u696d\u6642\u9593<\/td><td>\u5909\u5f62\u52b4\u50cd\u6642\u9593\u5236\uff08\uff11\u5e74\u5358\u4f4d\uff09<br>7\u664250\u5206\u301c17\u664210\u5206<\/td><\/tr><tr><td>\u6642\u9593\u5916\u52b4\u50cd\u6642\u9593<\/td><td>\u6708\u5e73\u5747\u6642\u9593\u5916\u52b4\u50cd\u6642\u9593\u300010\u6642\u9593<br><br>36\u5354\u5b9a\u306b\u304a\u3051\u308b\u7279\u5225\u6761\u9805\u3000\u3042\u308a<br><br>\u7279\u5225\u306a\u4e8b\u60c5\u30fb\u671f\u9593\u7b49<br>\u7a81\u767a\u7684\u5de5\u4e8b\u696d\u52d9\u96c6\u4e2d\u3001\u707d\u5bb3\u3084\u91cd\u5927\u4e8b\u6545\u306b\u3088\u308b\u696d\u52d9\u5897\u52a0\u306e\u6642\u306f\u30016\u56de\u3092\u9650\u5ea6\u3068\u3057\u30661\u30f5\u6708120\u6642\u9593\u307e\u3067\u30011\u5e74720\u6642\u9593\u307e\u3067\u51fa\u6765\u308b<\/td><\/tr><tr><td>\u4f11\u61a9\u6642\u9593<\/td><td>80\u5206<\/td><\/tr><tr><td>\u5e74\u9593\u4f11\u65e5\u6570<\/td><td>111\u65e5<\/td><\/tr><tr><td>\u4f11\u65e5\u7b49<\/td><td>\u4f11\u65e5\uff1a\u571f\u66dc\u65e5\uff0c\u65e5\u66dc\u65e5\uff0c\u305d\u306e\u4ed6<br>\u9031\u4f11\u4e8c\u65e5\u5236\uff1a\u6bce\u9031<br>\u305d\u306e\u4ed6\uff1a\u30b4\u30fc\u30eb\u30c7\u30f3\u30a6\u30a3\u30fc\u30af\u4f11\u6687\u3001\u304a\u76c6\u4f11\u6687\u3001\u5e74\u672b\u5e74\u59cb\u4f11\u6687<br>6\u30f6\u6708\u7d4c\u904e\u5f8c\u306e\u5e74\u6b21\u6709\u7d66\u4f11\u6687\u65e5\u6570\uff1a10\u65e5<\/td><\/tr><tr><td>\u52a0\u5165\u4fdd\u967a\u7b49<\/td><td>\u96c7\u7528\u4fdd\u967a\uff0c\u52b4\u707d\u4fdd\u967a\uff0c\u5065\u5eb7\u4fdd\u967a\uff0c\u539a\u751f\u5e74\u91d1<\/td><\/tr><\/tbody><\/table><\/figure>\n\n\n\n<p><\/p>\n\n\n\n<h3 class=\"wp-block-heading\">\u7d4c\u9a13\u8005\/\u65b0\u305f\u306a\u696d\u754c\u306b\u6311\u6226\u3057\u305f\u3044\u65b9\u306e\u63a1\u7528<\/h3>\n\n\n\n<p>\u3000\u7d4c\u9a13\u8005\u306f\u3082\u3061\u308d\u3093\u3001\u65b0\u305f\u306a\u696d\u754c\u3078\u306e\u6311\u6226\u3068\u3057\u3066\u5efa\u8a2d\u696d\u3092\u9078\u3093\u3067\u307f\u305f\u3044\u65b9\u306b\u5411\u3051\u305f\u63a1\u7528\u3067\u3059\u3002\u901a\u5e74\u3092\u901a\u3057\u3066\u52df\u96c6\u3057\u3066\u3044\u307e\u3059\u3002#I\u30bf\u30fc\u30f3 #U\u30bf\u30fc\u30f3 \u306e\u5c31\u8077\u5148\u306b\u3044\u304b\u304c\u3067\u3057\u3087\u3046\u304b\u3002\u307e\u305f\u3001\u65b0\u305f\u306a\u6311\u6226\u3068\u3057\u3066\u5efa\u8a2d\u696d\u3092\u9078\u3093\u3067\u3044\u305f\u3060\u3051\u308b\u3068\u5b09\u3057\u3044\u3067\u3059\u3002<br>\u3000\u96c7\u7528\u5f62\u614b\u304b\u3089\u52a0\u5165\u4fdd\u967a\u306b\u3064\u3044\u3066\u306f\u57fa\u672c\u7684\u306b\u65b0\u5352\u63a1\u7528\u3067\u8a18\u8f09\u3057\u3066\u3042\u308b\u3082\u306e\u3068\u540c\u4e00\u3067\u3059\u3002<\/p>\n\n\n\n<figure class=\"wp-block-table\"><table class=\"has-fixed-layout\"><tbody><tr><td>\u8077\u7a2e\u540d<\/td><td>\u4ed5\u4e8b\u5185\u5bb9<\/td><td>\u57fa\u672c\u7d66<\/td><\/tr><tr><td>\u571f\u6728\u5de5\u4e8b\u306e\u65bd\u5de5\u7ba1\u7406<\/td><td>\u539f\u4fa1\u7ba1\u7406\u3000\u4eba\u4ef6\u8cbb\u3084\u6750\u6599\u8cbb\u3092\u8a08\u7b97\u3057\u3066\u4e88\u7b97\u5185\u306b\u53ce\u307e\u308b\u3088\u3046\u306b\u7ba1\u7406\u3059\u308b\u3002<br>\u5de5\u7a0b\u7ba1\u7406\u3000\u671f\u9650\u5185\u306b\u5efa\u9020\u7269\u7b49\u3092\u5b8c\u6210\u3055\u305b\u308b\u70ba\u306e\u30bf\u30a4\u30e0\u30b9\u30b1\u30b8\u30e5\u30fc\u30eb\u3092\u7ba1\u7406\u3059\u308b\u3002<br>\u51fa\u6765\u5f62\u7ba1\u7406\u3000\u8a2d\u8a08\u56f3\u3084\u4ed5\u69d8\u66f8\u3069\u3046\u308a\u306e\u7269\u304c\u51fa\u6765\u308b\u3088\u3046\u306b\u7ba1\u7406\u3059\u308b<br>\u5b89\u5168\u7ba1\u7406\u3000\u73fe\u5834\u306e\u4f5c\u696d\u54e1\u304c\u5b89\u5168\u306b\u50cd\u3051\u308b\u3088\u3046\u306b\u7ba1\u7406\u3059\u308b\u3002<\/td><td>\u672a\u7d4c\u9a13\u8005<br>190,000\u5186\u301c240,000\u5186<br><br>\u7d4c\u9a13\u8005<br>250,000\u5186\u301c330,000\u5186<br><\/td><\/tr><tr><td>\u571f\u6728\u5de5\u4e8b\u3000\u4f5c\u696d\u54e1<\/td><td>\u7815\u77f3\u306e\u6577\u5747\u3057\u3001\u8cc7\u6750\u306e\u904b\u642c\u3001\u578b\u67a0\u7d44\u7acb\u3001\u30b3\u30f3\u30af\u30ea\u30fc\u30c8\u306e\u6253\u8fbc\u307f\u306a\u3069\u3092\u884c\u3063\u3066\u3082\u3089\u3044\u307e\u3059\u3002<\/td><td>200,000\u5186\u301c250,000\u5186<\/td><\/tr><tr><td>\u6cd5\u9762\uff08\u306e\u308a\u3081\u3093\uff09\u73fe\u5834\u306b\u7279\u5316\u3057\u305f\u4f5c\u696d\u54e1<\/td><td>\u5c71\u3092\u524a\u3063\u305f\u308a\u76db\u571f\u3092\u3059\u308b\u4e8b\u306b\u3088\u308a\u51fa\u6765\u308b\u659c\u9762\u3092\u6cd5\u9762\u3068\u3044\u3044\u307e\u3059\u3002\u6cd5\u9762\u5de5\u4e8b\u306f\u305d\u3046\u3044\u3063\u305f\u659c\u9762\u304c\u5d29\u308c\u306a\u3044\u3088\u3046\u306b\u4fdd\u8b77\u3092\u3059\u308b\u4f5c\u696d\u3067\u3059\u3002<\/td><td>230,000\u5186\u301c300,000\u5186<\/td><\/tr><tr><td>\u91cd\u6a5f\u30aa\u30da\u30ec\u30fc\u30bf\u30fc<\/td><td>\u5404\u73fe\u5834\u306b\u3066\u91cd\u6a5f\u3067\u3001\u6398\u524a\u3084\u6574\u5730\u3001\u6577\u5747\u3057\u306a\u3069\u306e\u4f5c\u696d\u3092\u884c\u3063\u3066\u3082\u3089\u3044\u307e\u3059\u3002<br>ICT\u65bd\u5de5\uff08\u60c5\u5831\u901a\u4fe1\u6280\u8853\uff09\u306e\u5c0e\u5165\u306b\u529b\u3092\u5165\u308c\u3066\u3044\u307e\u3059\u3002<br>\u4eca\u307e\u3067\u9577\u5e74\u306e\u7d4c\u9a13\u3084\u611f\u899a\u3067\u91cd\u6a5f\u3092\u64cd\u4f5c\u3057\u3066\u3044\u305f\u73fe\u5834\u306bICT\u65bd\u5de5\u3092\u5c0e\u5165\u3059\u308b\u4e8b\u3067\u3001\u7d4c\u9a13\u304c\u5c11\u306a\u3044\u4eba\u3067\u3082\u554f\u984c\u306a\u304f\u91cd\u6a5f\u3067\u306e\u4f5c\u696d\u304c\u51fa\u6765\u308b\u3088\u3046\u306b\u306a\u3063\u3066\u3044\u307e\u3059\u3002<\/td><td>200,000\u5186\u301c280,000\u5186<\/td><\/tr><tr><td>\u7815\u77f3\u5834\u4f5c\u696d\u54e1<\/td><td>\u52e4\u52d9\u5834\u6240\u306f\u7815\u77f3\u5834\u3067\u3059\u3002<br><br>\u666f\u89b3\u3084\u30b3\u30f3\u30af\u30ea\u30fc\u30c8\u306e\u6750\u6599\u3068\u3057\u3066\u4f7f\u7528\u3055\u308c\u308b\u7815\u77f3\u306e\u751f\u7523\u5de5\u5834\u3067\u306e\u4f5c\u696d\u3067\u3059\u3002<br>\u30de\u30cb\u30e5\u30a2\u30eb\u306b\u6cbf\u3063\u305f\u52a0\u5de5\u6a5f\u68b0\u306e\u64cd\u4f5c\u3001\u52a0\u5de5\u6a5f\u68b0\u306e\u30e1\u30f3\u30c6\u30ca\u30f3\u30b9\u3001\u7815\u77f3\u306e\u54c1\u8cea\u7ba1\u7406\u3092\u3057\u3066\u3044\u305f\u3060\u304d\u307e\u3059\u3002<\/td><td>190,000\u5186\u301c240,000\u5186<\/td><\/tr><\/tbody><\/table><\/figure>\n\n\n\n<figure class=\"wp-block-gallery has-nested-images columns-default is-cropped wp-block-gallery-3 is-layout-flex wp-block-gallery-is-layout-flex\">\n<figure class=\"wp-block-image size-large\"><img loading=\"lazy\" decoding=\"async\" width=\"1024\" height=\"576\" data-id=\"147\" src=\"https:\/\/www.kubocom.co.jp\/wp-content\/uploads\/2024\/09\/sekoukanri_kubo-1024x576.jpg\" alt=\"\" class=\"wp-image-147\" srcset=\"https:\/\/www.kubocom.co.jp\/wp-content\/uploads\/2024\/09\/sekoukanri_kubo-1024x576.jpg 1024w, https:\/\/www.kubocom.co.jp\/wp-content\/uploads\/2024\/09\/sekoukanri_kubo-300x169.jpg 300w, https:\/\/www.kubocom.co.jp\/wp-content\/uploads\/2024\/09\/sekoukanri_kubo-768x432.jpg 768w, https:\/\/www.kubocom.co.jp\/wp-content\/uploads\/2024\/09\/sekoukanri_kubo-320x180.jpg 320w, https:\/\/www.kubocom.co.jp\/wp-content\/uploads\/2024\/09\/sekoukanri_kubo-640x360.jpg 640w, https:\/\/www.kubocom.co.jp\/wp-content\/uploads\/2024\/09\/sekoukanri_kubo.jpg 1179w, https:\/\/www.kubocom.co.jp\/wp-content\/uploads\/2024\/09\/sekoukanri_kubo-1024x576.jpg 856w\" sizes=\"auto, (max-width: 1024px) 100vw, 1024px\" \/><\/figure>\n\n\n\n<figure class=\"wp-block-image size-large\"><img loading=\"lazy\" decoding=\"async\" width=\"1024\" height=\"576\" data-id=\"149\" src=\"https:\/\/www.kubocom.co.jp\/wp-content\/uploads\/2024\/09\/norime_kubo-1024x576.jpg\" alt=\"\" class=\"wp-image-149\" srcset=\"https:\/\/www.kubocom.co.jp\/wp-content\/uploads\/2024\/09\/norime_kubo-1024x576.jpg 1024w, https:\/\/www.kubocom.co.jp\/wp-content\/uploads\/2024\/09\/norime_kubo-300x169.jpg 300w, https:\/\/www.kubocom.co.jp\/wp-content\/uploads\/2024\/09\/norime_kubo-768x432.jpg 768w, https:\/\/www.kubocom.co.jp\/wp-content\/uploads\/2024\/09\/norime_kubo-320x180.jpg 320w, https:\/\/www.kubocom.co.jp\/wp-content\/uploads\/2024\/09\/norime_kubo-640x360.jpg 640w, https:\/\/www.kubocom.co.jp\/wp-content\/uploads\/2024\/09\/norime_kubo.jpg 1179w, https:\/\/www.kubocom.co.jp\/wp-content\/uploads\/2024\/09\/norime_kubo-1024x576.jpg 856w\" sizes=\"auto, (max-width: 1024px) 100vw, 1024px\" \/><\/figure>\n\n\n\n<figure class=\"wp-block-image size-large\"><img loading=\"lazy\" decoding=\"async\" width=\"1024\" height=\"576\" data-id=\"151\" src=\"https:\/\/www.kubocom.co.jp\/wp-content\/uploads\/2024\/09\/sagyou_kubo-1024x576.jpg\" alt=\"\" class=\"wp-image-151\" srcset=\"https:\/\/www.kubocom.co.jp\/wp-content\/uploads\/2024\/09\/sagyou_kubo-1024x576.jpg 1024w, https:\/\/www.kubocom.co.jp\/wp-content\/uploads\/2024\/09\/sagyou_kubo-300x169.jpg 300w, https:\/\/www.kubocom.co.jp\/wp-content\/uploads\/2024\/09\/sagyou_kubo-768x432.jpg 768w, https:\/\/www.kubocom.co.jp\/wp-content\/uploads\/2024\/09\/sagyou_kubo-320x180.jpg 320w, https:\/\/www.kubocom.co.jp\/wp-content\/uploads\/2024\/09\/sagyou_kubo-640x360.jpg 640w, https:\/\/www.kubocom.co.jp\/wp-content\/uploads\/2024\/09\/sagyou_kubo.jpg 1179w, https:\/\/www.kubocom.co.jp\/wp-content\/uploads\/2024\/09\/sagyou_kubo-1024x576.jpg 856w\" sizes=\"auto, (max-width: 1024px) 100vw, 1024px\" \/><\/figure>\n<\/figure>\n\n\n\n<h3 class=\"wp-block-heading\">\u554f\u3044\u5408\u308f\u305b\u3001\u9078\u8003\u65b9\u6cd5\u306a\u3069<\/h3>\n\n\n\n<p>\u30cf\u30ed\u30fc\u30ef\u30fc\u30af\u3092\u901a\u3058\u3066\u306e\u3054\u7d39\u4ecb\u3001\u3082\u3057\u304f\u306f\u304a\u96fb\u8a71\u30fb\u30d5\u30a9\u30fc\u30e0\u306b\u3066\u304a\u554f\u3044\u5408\u308f\u305b\u304f\u3060\u3055\u3044\u3002<\/p>\n\n\n\n<figure class=\"wp-block-table\"><table class=\"has-fixed-layout\"><tbody><tr><td>\u9078\u8003\u65b9\u6cd5<\/td><td>\u9762\u63a5\uff08\u4e88\u5b9a1\u56de\uff09\uff0c\u66f8\u985e\u9078\u8003<\/td><\/tr><tr><td>\u9078\u8003\u7d50\u679c\u901a\u77e5<\/td><td>\u9078\u8003\u7d50\u679c\u901a\u77e5\u306e\u30bf\u30a4\u30df\u30f3\u30b0<br>\u66f8\u985e\u9078\u8003\u5f8c\uff0c\u9762\u63a5\u9078\u8003\u5f8c\u66f8\u985e\u9078\u8003\u7d50\u679c\u901a\u77e5<br>\u66f8\u985e\u5230\u7740\u5f8c7\u65e5\u4ee5\u5185\u9762\u63a5\u9078\u8003\u7d50\u679c\u901a\u77e5<br>\u9762\u63a5\u5f8c7\u65e5\u4ee5\u5185<\/td><\/tr><tr><td>\u9078\u8003\u5834\u6240<\/td><td>\u3012795-0301<br>\u611b\u5a9b\u770c\u559c\u591a\u90e1\u5185\u5b50\u753a\u4e94\u5341\u5d0e\u7532\uff19\uff11\uff18<br>\u4e45\u4fdd\u8208\u696d\u682a\u5f0f\u4f1a\u793e\u3000\u793e\u5185\u4f1a\u8b70\u5ba4<\/td><\/tr><tr><td>\u5fdc\u52df\u66f8\u985e\u7b49<\/td><td>\u5fdc\u52df\u66f8\u985e\u7b49<br>\u30cf\u30ed\u30fc\u30ef\u30fc\u30af\u7d39\u4ecb\u72b6\uff0c\u5c65\u6b74\u66f8\uff08\u5199\u771f\u8cbc\u4ed8\uff09<br><br>\u5fdc\u52df\u66f8\u985e\u306e\u9001\u4ed8\u65b9\u6cd5<br><br>\u90f5\u9001\u90f5\u9001\u306e\u9001\u4ed8\u5834\u6240<br>\u3012795-0301<br>\u611b\u5a9b\u770c\u559c\u591a\u90e1\u5185\u5b50\u753a\u4e94\u5341\u5d0e\u7532\uff19\uff11\uff18<br>\u4e45\u4fdd\u8208\u696d\u682a\u5f0f\u4f1a\u793e\u3000\u7dcf\u52d9\u90e8\u3000\u5b9b<\/td><\/tr><tr><td>\u96fb\u8a71\u756a\u53f7<\/td><td>0893-44-3125\u3000\u62c5\u5f53\u3000\u7dcf\u52d9\u90e8<br>\u300c\u63a1\u7528\u306b\u95a2\u3057\u3066\u300d\u3068\u304a\u7533\u3057\u51fa\u304f\u3060\u3055\u3044\u3002<\/td><\/tr><\/tbody><\/table><\/figure>\n\n\n\n<h3 class=\"wp-block-heading\">\u554f\u3044\u5408\u308f\u305b<\/h3>\n\n\n<div class=\"wpcf7 no-js\" id=\"wpcf7-f676-o1\" lang=\"ja\" dir=\"ltr\" data-wpcf7-id=\"676\">\n<div class=\"screen-reader-response\">\n<p role=\"status\" aria-live=\"polite\" aria-atomic=\"true\">\n<ul><\/ul>\n<\/div>\n<form action=\"\/index.php?rest_route=%2Fwp%2Fv2%2Fpages%2F179#wpcf7-f676-o1\" method=\"post\" class=\"wpcf7-form init\" aria-label=\"\u30b3\u30f3\u30bf\u30af\u30c8\u30d5\u30a9\u30fc\u30e0\" novalidate=\"novalidate\" data-status=\"init\">\n<fieldset class=\"hidden-fields-container\"><input type=\"hidden\" name=\"_wpcf7\" value=\"676\" \/><input type=\"hidden\" name=\"_wpcf7_version\" value=\"6.1.5\" \/><input type=\"hidden\" name=\"_wpcf7_locale\" value=\"ja\" \/><input type=\"hidden\" name=\"_wpcf7_unit_tag\" value=\"wpcf7-f676-o1\" \/><input type=\"hidden\" name=\"_wpcf7_container_post\" value=\"0\" \/><input type=\"hidden\" name=\"_wpcf7_posted_data_hash\" value=\"\" \/><input type=\"hidden\" name=\"_wpcf7_recaptcha_response\" value=\"\" \/><br \/>\n<\/fieldset>\n<p><span class=\"wpcf7-form-control-wrap\" data-name=\"checkbox-517\"><span class=\"wpcf7-form-control wpcf7-checkbox wpcf7-validates-as-required\"><span class=\"wpcf7-list-item first\"><label><input type=\"checkbox\" name=\"checkbox-517[]\" value=\"\u63a1\u7528\u306b\u3064\u3044\u3066\u306e\u3054\u76f8\u8ac7\" \/><span class=\"wpcf7-list-item-label\">\u63a1\u7528\u306b\u3064\u3044\u3066\u306e\u3054\u76f8\u8ac7<\/span><\/label><\/span><span class=\"wpcf7-list-item\"><label><input type=\"checkbox\" name=\"checkbox-517[]\" value=\"\u8077\u5834\u898b\u5b66\u306b\u3064\u3044\u3066\u306e\u3054\u76f8\u8ac7\" \/><span class=\"wpcf7-list-item-label\">\u8077\u5834\u898b\u5b66\u306b\u3064\u3044\u3066\u306e\u3054\u76f8\u8ac7<\/span><\/label><\/span><span class=\"wpcf7-list-item last\"><label><input type=\"checkbox\" name=\"checkbox-517[]\" value=\"\u305d\u306e\u4ed6\" \/><span class=\"wpcf7-list-item-label\">\u305d\u306e\u4ed6<\/span><\/label><\/span><\/span><\/span>\n<\/p>\n<p><label> \u6c0f\u540d<br \/>\n<span class=\"wpcf7-form-control-wrap\" data-name=\"your-name\"><input size=\"40\" maxlength=\"400\" class=\"wpcf7-form-control wpcf7-text wpcf7-validates-as-required\" aria-required=\"true\" aria-invalid=\"false\" placeholder=\"\u4f8b\uff1a\u3042\u306a\u305f\u306e\u304a\u540d\u524d\" value=\"\" type=\"text\" name=\"your-name\" \/><\/span> <\/label>\n<\/p>\n<p><label> \u30e1\u30fc\u30eb\u30a2\u30c9\u30ec\u30b9<br \/>\n<span class=\"wpcf7-form-control-wrap\" data-name=\"your-email\"><input size=\"40\" maxlength=\"400\" class=\"wpcf7-form-control wpcf7-email wpcf7-validates-as-required wpcf7-text wpcf7-validates-as-email\" aria-required=\"true\" aria-invalid=\"false\" placeholder=\"\u4f8b\uff1a\u00d7\u00d7\u00d7@\u00d7\u00d7\u00d7.com\" value=\"\" type=\"email\" name=\"your-email\" \/><\/span> <\/label>\n<\/p>\n<p><label> \u96fb\u8a71\u756a\u53f7<br \/>\n<span class=\"wpcf7-form-control-wrap\" data-name=\"your-tel\"><input size=\"40\" maxlength=\"400\" class=\"wpcf7-form-control wpcf7-tel wpcf7-validates-as-required wpcf7-text wpcf7-validates-as-tel\" aria-required=\"true\" aria-invalid=\"false\" placeholder=\"\u4f8b\uff1a089-1234-5678\" value=\"\" type=\"tel\" name=\"your-tel\" \/><\/span> <\/label>\n<\/p>\n<p><label> \u30e1\u30c3\u30bb\u30fc\u30b8\u672c\u6587 (\u4efb\u610f)<br \/>\n<span class=\"wpcf7-form-control-wrap\" data-name=\"your-message\"><textarea cols=\"40\" rows=\"10\" maxlength=\"2000\" class=\"wpcf7-form-control wpcf7-textarea\" aria-invalid=\"false\" name=\"your-message\"><\/textarea><\/span> <\/label>\n<\/p>\n<p><input class=\"wpcf7-form-control wpcf7-submit has-spinner\" type=\"submit\" value=\"\u5165\u529b\u5185\u5bb9\u306e\u78ba\u8a8d\" \/><br \/>\n<input type=\"hidden\" name=\"_cf7msm_multistep_tag\" class=\"wpcf7-form-control wpcf7-multistep cf7msm-multistep\" value=\"{&quot;first_step&quot;:1,&quot;next_url&quot;:&quot;\\\/?page_id=690&quot;}\" \/><input type=\"hidden\" name=\"cf7msm-no-ss\" value=\"\" \/>\n<\/p>\n<p style=\"display: none !important;\" class=\"akismet-fields-container\" data-prefix=\"_wpcf7_ak_\"><label>&#916;<textarea name=\"_wpcf7_ak_hp_textarea\" cols=\"45\" rows=\"8\" maxlength=\"100\"><\/textarea><\/label><input type=\"hidden\" id=\"ak_js_1\" name=\"_wpcf7_ak_js\" value=\"142\"\/><script>document.getElementById( \"ak_js_1\" ).setAttribute( \"value\", ( new Date() ).getTime() );<\/script><\/p>\n<div class=\"wpcf7-response-output\" aria-hidden=\"true\"><\/div>\n<\/form>\n<\/div>\n","protected":false},"excerpt":{"rendered":"<p>\u4e45\u4fdd\u8208\u696d\u306b\u8208\u5473\u3092\u6301\u3063\u3066\u3044\u305f\u3060\u304d\u3001\u3042\u308a\u304c\u3068\u3046\u3054\u3056\u3044\u307e\u3059\u3002 \u79c1\u305f\u3061\u306e\u4f1a\u793e\u306f\u3001\u30ad\u30e9\u30ea\u3068\u5149\u308b\u30a8\u30b3\u30ed\u30b8\u30fc\u30bf\u30a6\u30f3\u611b\u5a9b\u770c\u5185\u5b50\u753a\u306b\u3042\u308a\u307e\u3059\u3002\u72ed\u3044\u9053\u8def\u3084\u5d29\u308c\u305d\u3046\u306a\u5c71\u9053\u306a\u3069\u3001\u5730\u57df\u306e\u4eba\u304c\u3082\u3063\u3068\u4fbf\u5229\u3067\u5feb\u9069\u3067\u3001\u305a\u3063\u3068\u4f4f\u3093\u3067\u3044\u305f\u3044\u5834\u6240\u306b\u306a\u308b\u3088\u3046\u306b\u3001<\/p>\n","protected":false},"author":1,"featured_media":848,"parent":0,"menu_order":0,"comment_status":"closed","ping_status":"closed","template":"","meta":{"_monsterinsights_skip_tracking":false,"_monsterinsights_sitenote_active":false,"_monsterinsights_sitenote_note":"","_monsterinsights_sitenote_category":0,"_themeisle_gutenberg_block_has_review":false,"footnotes":""},"class_list":["post-179","page","type-page","status-publish","has-post-thumbnail","hentry"],"_links":{"self":[{"href":"https:\/\/www.kubocom.co.jp\/index.php?rest_route=\/wp\/v2\/pages\/179","targetHints":{"allow":["GET"]}}],"collection":[{"href":"https:\/\/www.kubocom.co.jp\/index.php?rest_route=\/wp\/v2\/pages"}],"about":[{"href":"https:\/\/www.kubocom.co.jp\/index.php?rest_route=\/wp\/v2\/types\/page"}],"author":[{"embeddable":true,"href":"https:\/\/www.kubocom.co.jp\/index.php?rest_route=\/wp\/v2\/users\/1"}],"replies":[{"embeddable":true,"href":"https:\/\/www.kubocom.co.jp\/index.php?rest_route=%2Fwp%2Fv2%2Fcomments&post=179"}],"version-history":[{"count":21,"href":"https:\/\/www.kubocom.co.jp\/index.php?rest_route=\/wp\/v2\/pages\/179\/revisions"}],"predecessor-version":[{"id":1078,"href":"https:\/\/www.kubocom.co.jp\/index.php?rest_route=\/wp\/v2\/pages\/179\/revisions\/1078"}],"wp:featuredmedia":[{"embeddable":true,"href":"https:\/\/www.kubocom.co.jp\/index.php?rest_route=\/wp\/v2\/media\/848"}],"wp:attachment":[{"href":"https:\/\/www.kubocom.co.jp\/index.php?rest_route=%2Fwp%2Fv2%2Fmedia&parent=179"}],"curies":[{"name":"wp","href":"https:\/\/api.w.org\/{rel}","templated":true}]}}